{"id":3377,"date":"2024-11-30T06:11:46","date_gmt":"2024-11-30T06:11:46","guid":{"rendered":"https:\/\/sindioball.com\/?post_type=product&#038;p=3377"},"modified":"2024-12-01T09:03:53","modified_gmt":"2024-12-01T09:03:53","slug":"yellow-handstitched-futsal-ball-2-0-ylo","status":"publish","type":"product","link":"https:\/\/sindioball.com\/fr\/produit\/yellow-handstitched-futsal-ball-2-0-ylo\/","title":{"rendered":"Ballon Jaune Cousu \u00e0 la Main Futsal 2.0 \u2013 YLO"},"content":{"rendered":"<p dir=\"auto\" data-pm-slice=\"1 1 []\">Le ballon de futsal de Sindio transforme l'entra\u00eenement au football et s\u00e9duit les clubs et les joueurs du monde entier. D\u00e9couvrez la qualit\u00e9, le confort et la pr\u00e9cision exceptionnels des ballons de futsal Sindio, con\u00e7us sp\u00e9cialement pour les enfants et les \u00e9quipes.<\/p>","protected":false},"excerpt":{"rendered":"<p dir=\"auto\" data-pm-slice=\"1 1 []\">Ces ballons ne se contentent pas d'am\u00e9liorer les comp\u00e9tences, ils pr\u00e9sentent \u00e9galement des designs \u00e9tonnants que les joueurs adoreront. Ne manquez pas l'occasion d'am\u00e9liorer votre jeu avec les ballons de futsal r\u00e9volutionnaires de Sindio ! Notre engagement en faveur de l'excellence vous permet de donner le meilleur de vous-m\u00eame \u00e0 chaque fois que vous entrez sur le terrain. Choisir Sindioball, c'est investir dans ce qu'il y a de mieux. Tous nos ballons de football r\u00e9pondent aux normes les plus strictes de la FIFA en mati\u00e8re de jouabilit\u00e9, de s\u00e9curit\u00e9 et de durabilit\u00e9.<\/p>","protected":false},"featured_media":3381,"comment_status":"open","ping_status":"closed","template":"","meta":{"_acf_changed":false},"product_brand":[],"product_cat":[18],"product_tag":[42,44,38,43,39,40,41],"class_list":{"0":"post-3377","1":"product","2":"type-product","3":"status-publish","4":"has-post-thumbnail","6":"product_cat-all-products","7":"product_tag-approved","8":"product_tag-ball","9":"product_tag-fifa","10":"product_tag-futsal","11":"product_tag-sindio","12":"product_tag-sport","13":"product_tag-standard","15":"first","16":"instock","17":"sale","18":"shipping-taxable","19":"purchasable","20":"product-type-variable"},"acf":[],"_links":{"self":[{"href":"https:\/\/sindioball.com\/fr\/wp-json\/wp\/v2\/product\/3377","targetHints":{"allow":["GET"]}}],"collection":[{"href":"https:\/\/sindioball.com\/fr\/wp-json\/wp\/v2\/product"}],"about":[{"href":"https:\/\/sindioball.com\/fr\/wp-json\/wp\/v2\/types\/product"}],"replies":[{"embeddable":true,"href":"https:\/\/sindioball.com\/fr\/wp-json\/wp\/v2\/comments?post=3377"}],"wp:featuredmedia":[{"embeddable":true,"href":"https:\/\/sindioball.com\/fr\/wp-json\/wp\/v2\/media\/3381"}],"wp:attachment":[{"href":"https:\/\/sindioball.com\/fr\/wp-json\/wp\/v2\/media?parent=3377"}],"wp:term":[{"taxonomy":"product_brand","embeddable":true,"href":"https:\/\/sindioball.com\/fr\/wp-json\/wp\/v2\/product_brand?post=3377"},{"taxonomy":"product_cat","embeddable":true,"href":"https:\/\/sindioball.com\/fr\/wp-json\/wp\/v2\/product_cat?post=3377"},{"taxonomy":"product_tag","embeddable":true,"href":"https:\/\/sindioball.com\/fr\/wp-json\/wp\/v2\/product_tag?post=3377"}],"curies":[{"name":"wp","href":"https:\/\/api.w.org\/{rel}","templated":true}]}}