{"id":3395,"date":"2024-11-30T06:22:06","date_gmt":"2024-11-30T06:22:06","guid":{"rendered":"https:\/\/sindioball.com\/?post_type=product&#038;p=3395"},"modified":"2025-12-07T22:09:41","modified_gmt":"2025-12-07T22:09:41","slug":"white-hybrid-ball-amapiano-2-0-wht","status":"publish","type":"product","link":"https:\/\/sindioball.com\/fr\/produit\/white-hybrid-ball-amapiano-2-0-wht\/","title":{"rendered":"Balle Hybride Blanche Amapiano 2.0 \u2013 BLN"},"content":{"rendered":"<p dir=\"auto\" data-pm-slice=\"1 1 []\">Choisir Sindioball, c'est investir dans ce qu'il y a de mieux. Tous nos ballons de football sont approuv\u00e9s par la FIFA Quality Pro, ce qui garantit qu'ils r\u00e9pondent aux normes les plus strictes en mati\u00e8re de jouabilit\u00e9, de s\u00e9curit\u00e9 et de durabilit\u00e9. Notre engagement envers l'excellence signifie que vous pouvez jouer votre meilleur jeu \u00e0 chaque fois que vous entrez sur le terrain.<\/p>","protected":false},"excerpt":{"rendered":"<p dir=\"auto\" data-pm-slice=\"1 1 []\">Le ballon Sindio, un m\u00e9lange de technicit\u00e9 et de performance, inspire Amapiano avec des m\u00e9lodies de piano, de la deep house, du kwaito et des lignes de basse de log drum. Sindio incorpore souvent des sons de gqom et de bacardi dans sa cr\u00e9ativit\u00e9. Notre monde interconnect\u00e9 vous invite \u00e0 profiter de notre ballon et \u00e0 danser sur le terrain et en dehors. Vos progr\u00e8s sont li\u00e9s aux n\u00f4tres.<\/p>","protected":false},"featured_media":3424,"comment_status":"open","ping_status":"closed","template":"","meta":{"_acf_changed":false},"product_brand":[],"product_cat":[18],"product_tag":[46,42,44,38,47,45,49,39,40,48],"class_list":{"0":"post-3395","1":"product","2":"type-product","3":"status-publish","4":"has-post-thumbnail","6":"product_cat-all-products","7":"product_tag-amapiano","8":"product_tag-approved","9":"product_tag-ball","10":"product_tag-fifa","11":"product_tag-football","12":"product_tag-hybrid","13":"product_tag-quality","14":"product_tag-sindio","15":"product_tag-sport","16":"product_tag-standards","18":"first","19":"instock","20":"sale","21":"shipping-taxable","22":"purchasable","23":"product-type-variable"},"acf":[],"_links":{"self":[{"href":"https:\/\/sindioball.com\/fr\/wp-json\/wp\/v2\/product\/3395","targetHints":{"allow":["GET"]}}],"collection":[{"href":"https:\/\/sindioball.com\/fr\/wp-json\/wp\/v2\/product"}],"about":[{"href":"https:\/\/sindioball.com\/fr\/wp-json\/wp\/v2\/types\/product"}],"replies":[{"embeddable":true,"href":"https:\/\/sindioball.com\/fr\/wp-json\/wp\/v2\/comments?post=3395"}],"wp:featuredmedia":[{"embeddable":true,"href":"https:\/\/sindioball.com\/fr\/wp-json\/wp\/v2\/media\/3424"}],"wp:attachment":[{"href":"https:\/\/sindioball.com\/fr\/wp-json\/wp\/v2\/media?parent=3395"}],"wp:term":[{"taxonomy":"product_brand","embeddable":true,"href":"https:\/\/sindioball.com\/fr\/wp-json\/wp\/v2\/product_brand?post=3395"},{"taxonomy":"product_cat","embeddable":true,"href":"https:\/\/sindioball.com\/fr\/wp-json\/wp\/v2\/product_cat?post=3395"},{"taxonomy":"product_tag","embeddable":true,"href":"https:\/\/sindioball.com\/fr\/wp-json\/wp\/v2\/product_tag?post=3395"}],"curies":[{"name":"wp","href":"https:\/\/api.w.org\/{rel}","templated":true}]}}