{"id":3446,"date":"2024-12-03T09:59:12","date_gmt":"2024-12-03T09:59:12","guid":{"rendered":"https:\/\/sindioball.com\/?post_type=product&#038;p=3446"},"modified":"2025-12-11T14:51:20","modified_gmt":"2025-12-11T14:51:20","slug":"demo-product","status":"publish","type":"product","link":"https:\/\/sindioball.com\/fr\/produit\/demo-product\/","title":{"rendered":"Ballon Blanc Thermo Komaya 2.0 \u2013 BLN"},"content":{"rendered":"<p>D\u00e9couvrez les ballons Sindio de qualit\u00e9 sup\u00e9rieure, confortables et pr\u00e9cis, con\u00e7us pour les enfants et les \u00e9quipes. Nos ballons ne se contentent pas d'am\u00e9liorer les comp\u00e9tences, ils sont \u00e9galement propos\u00e9s dans des designs magnifiques que les joueurs adoreront.<\/p>","protected":false},"excerpt":{"rendered":"<p>Choisir Sindioball, c'est investir dans ce qu'il y a de mieux. Tous nos ballons de football sont approuv\u00e9s par la FIFA Quality Pro, ce qui garantit qu'ils r\u00e9pondent aux normes les plus strictes en mati\u00e8re de jouabilit\u00e9, de s\u00e9curit\u00e9 et de durabilit\u00e9. Notre engagement envers l'excellence signifie que vous pouvez jouer votre meilleur jeu \u00e0 chaque fois que vous entrez sur le terrain.<\/p>","protected":false},"featured_media":3450,"comment_status":"open","ping_status":"closed","template":"","meta":{"_acf_changed":false},"product_brand":[],"product_cat":[18],"product_tag":[],"class_list":{"0":"post-3446","1":"product","2":"type-product","3":"status-publish","4":"has-post-thumbnail","6":"product_cat-all-products","8":"first","9":"instock","10":"sale","11":"shipping-taxable","12":"purchasable","13":"product-type-variable"},"acf":[],"_links":{"self":[{"href":"https:\/\/sindioball.com\/fr\/wp-json\/wp\/v2\/product\/3446","targetHints":{"allow":["GET"]}}],"collection":[{"href":"https:\/\/sindioball.com\/fr\/wp-json\/wp\/v2\/product"}],"about":[{"href":"https:\/\/sindioball.com\/fr\/wp-json\/wp\/v2\/types\/product"}],"replies":[{"embeddable":true,"href":"https:\/\/sindioball.com\/fr\/wp-json\/wp\/v2\/comments?post=3446"}],"wp:featuredmedia":[{"embeddable":true,"href":"https:\/\/sindioball.com\/fr\/wp-json\/wp\/v2\/media\/3450"}],"wp:attachment":[{"href":"https:\/\/sindioball.com\/fr\/wp-json\/wp\/v2\/media?parent=3446"}],"wp:term":[{"taxonomy":"product_brand","embeddable":true,"href":"https:\/\/sindioball.com\/fr\/wp-json\/wp\/v2\/product_brand?post=3446"},{"taxonomy":"product_cat","embeddable":true,"href":"https:\/\/sindioball.com\/fr\/wp-json\/wp\/v2\/product_cat?post=3446"},{"taxonomy":"product_tag","embeddable":true,"href":"https:\/\/sindioball.com\/fr\/wp-json\/wp\/v2\/product_tag?post=3446"}],"curies":[{"name":"wp","href":"https:\/\/api.w.org\/{rel}","templated":true}]}}